{"id":11,"date":"2015-01-01T08:44:53","date_gmt":"2015-01-01T08:44:53","guid":{"rendered":"http:\/\/www.amis-derbous.net\/?page_id=11"},"modified":"2024-08-11T21:08:04","modified_gmt":"2024-08-11T19:08:04","slug":"qui-nous-sommes","status":"publish","type":"page","link":"https:\/\/www.amis-derbous.net\/","title":{"rendered":"Informations"},"content":{"rendered":"<div class=\"page\" title=\"Page 1\">\n<div class=\"layoutArea\">\n<div class=\"column\">\n<p>Nous sommes une association Loi de 1901 qui a\u00a0 notamment pour objet la sauvegarde de la rivi\u00e8re Derbous (autrefois parfois orthographi\u00e9 Derboux) et de ses affluents jusqu\u2019\u00e0 son confluent avec la riviere Ouv\u00e8ze et de son patrimoine naturel (faune et flore) ainsi que, d&rsquo;une mani\u00e8re g\u00e9n\u00e9rale, de\u00a0 l&rsquo;ensemble des constructions et des ouvrages se rapportant aux \u00e9l\u00e9ments ci-dessus.<\/p>\n<\/div>\n<\/div>\n<\/div>\n<div class=\"column\"><\/div>\n<div class=\"column\">Cette vall\u00e9e repr\u00e9sente un bon exemple de nature encore\u00a0 relativement pr\u00e9serv\u00e9e, avec une riche biodiversit\u00e9, des ressources en eau qui ont \u00e9t\u00e9 abondantes et une riche histoire humaine.<\/div>\n<div class=\"column\"><\/div>\n<div class=\"page\" title=\"Page 1\">\n<div class=\"layoutArea\">\n<div class=\"column\">\n<pre>Pr\u00e9sident : R\u00e9my Cl\u00e9ment. \n\nSecr\u00e9taire Maryse Bernard. \n\nAdresse mail :<a href=\"mailto:lavderbous@gmail.com\"> lavderbous@gmail.com<\/a><\/pre>\n<h5>Voici la d\u00e9claration initiale de l&rsquo;association : <a href=\"http:\/\/www.mutatice.net\/derbous\/wp-content\/uploads\/2016\/12\/derbous_de\u0301claration-initiale.pdf\">derbous_declaration-initiale<\/a><\/h5>\n<\/div>\n<ul>\n<li><a href=\"http:\/\/www.amis-derbous.net\/index.php\/2016\/12\/23\/essai-de-galerie\/\">Images de la vall\u00e9e<\/a><\/li>\n<li><a href=\"http:\/\/www.amis-derbous.net\/index.php\/2017\/01\/01\/des-moulins-historiques\/\">Des moulins historiques<\/a><\/li>\n<\/ul>\n<div class=\"column\"><\/div>\n<\/div>\n<\/div>\n","protected":false},"excerpt":{"rendered":"<p>Nous sommes une association Loi de 1901 qui a\u00a0 notamment pour objet la sauvegarde de la rivi\u00e8re Derbous (autrefois parfois orthographi\u00e9 Derboux) et de ses affluents jusqu\u2019\u00e0 son confluent avec la riviere Ouv\u00e8ze et de son patrimoine naturel (faune et flore) ainsi que, d&rsquo;une mani\u00e8re g\u00e9n\u00e9rale, de\u00a0 l&rsquo;ensemble des constructions et des ouvrages se rapportant &hellip; <a href=\"https:\/\/www.amis-derbous.net\/\" class=\"more-link\">Continuer la lecture de <span class=\"screen-reader-text\">Informations<\/span>  <span class=\"meta-nav\">&rarr;<\/span><\/a><\/p>\n","protected":false},"author":1,"featured_media":0,"parent":0,"menu_order":0,"comment_status":"closed","ping_status":"open","template":"","meta":{"footnotes":""},"class_list":["post-11","page","type-page","status-publish","hentry"],"_links":{"self":[{"href":"https:\/\/www.amis-derbous.net\/index.php\/wp-json\/wp\/v2\/pages\/11"}],"collection":[{"href":"https:\/\/www.amis-derbous.net\/index.php\/wp-json\/wp\/v2\/pages"}],"about":[{"href":"https:\/\/www.amis-derbous.net\/index.php\/wp-json\/wp\/v2\/types\/page"}],"author":[{"embeddable":true,"href":"https:\/\/www.amis-derbous.net\/index.php\/wp-json\/wp\/v2\/users\/1"}],"replies":[{"embeddable":true,"href":"https:\/\/www.amis-derbous.net\/index.php\/wp-json\/wp\/v2\/comments?post=11"}],"version-history":[{"count":14,"href":"https:\/\/www.amis-derbous.net\/index.php\/wp-json\/wp\/v2\/pages\/11\/revisions"}],"predecessor-version":[{"id":450,"href":"https:\/\/www.amis-derbous.net\/index.php\/wp-json\/wp\/v2\/pages\/11\/revisions\/450"}],"wp:attachment":[{"href":"https:\/\/www.amis-derbous.net\/index.php\/wp-json\/wp\/v2\/media?parent=11"}],"curies":[{"name":"wp","href":"https:\/\/api.w.org\/{rel}","templated":true}]}}